{"id":408,"date":"2025-12-10T19:37:09","date_gmt":"2025-12-10T19:37:09","guid":{"rendered":"http:\/\/wooderwend.schuetzen-waldenrath.de\/?page_id=408"},"modified":"2025-12-10T19:58:05","modified_gmt":"2025-12-10T19:58:05","slug":"spenden-mitgliedschaft","status":"publish","type":"page","link":"http:\/\/wooderwend.schuetzen-waldenrath.de\/?page_id=408","title":{"rendered":"Spenden und Mitgliedschaft"},"content":{"rendered":"\n<p class=\"has-text-align-center\"><strong>Damit es Kamelle regnet!<\/strong><\/p>\n\n\n\n<p>Unser Veilchendienstagszug lebt von Wurfmaterial und guter Laune. Jede Spende hilft, unseren Zug bunt und vielf\u00e4ltig zu erhalten! Gerne stellen wir Ihnen im Anschluss eine Spendenbescheinigung aus!<\/p>\n\n\n\n<p>Kontoinformationen:<br>St. Petri u. Pauli Sch\u00fctzen<br>DE72370694120400832021<br>GENODED1HRB<br>VOLKSBANK HEINSBERG<\/p>\n\n\n\n<figure class=\"wp-block-image size-full\"><img loading=\"lazy\" decoding=\"async\" width=\"250\" height=\"250\" src=\"http:\/\/wooderwend.schuetzen-waldenrath.de\/wp-content\/uploads\/2025\/12\/image.png\" alt=\"\" class=\"wp-image-409\" srcset=\"http:\/\/wooderwend.schuetzen-waldenrath.de\/wp-content\/uploads\/2025\/12\/image.png 250w, http:\/\/wooderwend.schuetzen-waldenrath.de\/wp-content\/uploads\/2025\/12\/image-150x150.png 150w\" sizes=\"auto, (max-width: 250px) 100vw, 250px\" \/><\/figure>\n\n\n\n<p><\/p>\n\n\n\n<p class=\"has-text-align-center\"><strong>Werde Wooder Jeck!<\/strong><\/p>\n\n\n\n<p>M\u00f6chtest Du vor- oder\/und hinter den Kulissen dabei sein? <br>Werde Mitglied und hilf uns, die Tradition in Waldenrath zu erhalten. <br>Auch eine inaktive Mitgliedschaft ist m\u00f6glich, womit Du uns j\u00e4hrlich einen festen Betrag zum Erhalt des Waldenrather Karnevals zukommen l\u00e4sst. <\/p>\n\n\n\n<p>Benutze hierf\u00fcr einfach das Kontaktformular auf dieser Internetseite! <\/p>\n","protected":false},"excerpt":{"rendered":"<p>Damit es Kamelle regnet! Unser Veilchendienstagszug lebt von Wurfmaterial und guter Laune. Jede Spende hilft, unseren Zug bunt und vielf\u00e4ltig zu erhalten! Gerne stellen wir Ihnen im Anschluss eine Spendenbescheinigung [&hellip;]<\/p>\n","protected":false},"author":1,"featured_media":0,"parent":43,"menu_order":0,"comment_status":"closed","ping_status":"closed","template":"page-full-width.php","meta":{"footnotes":""},"class_list":["post-408","page","type-page","status-publish","hentry"],"_links":{"self":[{"href":"http:\/\/wooderwend.schuetzen-waldenrath.de\/index.php?rest_route=\/wp\/v2\/pages\/408","targetHints":{"allow":["GET"]}}],"collection":[{"href":"http:\/\/wooderwend.schuetzen-waldenrath.de\/index.php?rest_route=\/wp\/v2\/pages"}],"about":[{"href":"http:\/\/wooderwend.schuetzen-waldenrath.de\/index.php?rest_route=\/wp\/v2\/types\/page"}],"author":[{"embeddable":true,"href":"http:\/\/wooderwend.schuetzen-waldenrath.de\/index.php?rest_route=\/wp\/v2\/users\/1"}],"replies":[{"embeddable":true,"href":"http:\/\/wooderwend.schuetzen-waldenrath.de\/index.php?rest_route=%2Fwp%2Fv2%2Fcomments&post=408"}],"version-history":[{"count":4,"href":"http:\/\/wooderwend.schuetzen-waldenrath.de\/index.php?rest_route=\/wp\/v2\/pages\/408\/revisions"}],"predecessor-version":[{"id":415,"href":"http:\/\/wooderwend.schuetzen-waldenrath.de\/index.php?rest_route=\/wp\/v2\/pages\/408\/revisions\/415"}],"up":[{"embeddable":true,"href":"http:\/\/wooderwend.schuetzen-waldenrath.de\/index.php?rest_route=\/wp\/v2\/pages\/43"}],"wp:attachment":[{"href":"http:\/\/wooderwend.schuetzen-waldenrath.de\/index.php?rest_route=%2Fwp%2Fv2%2Fmedia&parent=408"}],"curies":[{"name":"wp","href":"https:\/\/api.w.org\/{rel}","templated":true}]}}